{"id":1468,"date":"2020-12-08T03:53:35","date_gmt":"2020-12-08T03:53:35","guid":{"rendered":"https:\/\/gaviaspreview.com\/wp\/orgarium\/?page_id=22"},"modified":"2025-11-24T08:05:24","modified_gmt":"2025-11-24T08:05:24","slug":"contact","status":"publish","type":"page","link":"https:\/\/pastino.com.tr\/en\/contact\/","title":{"rendered":"Contact"},"content":{"rendered":"\t\t<div data-elementor-type=\"wp-page\" data-elementor-id=\"1468\" class=\"elementor elementor-1468\">\n\t\t\t\t\t\t<section class=\"elementor-section elementor-top-section elementor-element elementor-element-cc8af21 elementor-section-boxed elementor-section-height-default elementor-section-height-default shape-bg-top-no\" data-id=\"cc8af21\" data-element_type=\"section\" data-settings=\"{&quot;background_background&quot;:&quot;classic&quot;}\">\n\t\t\t\t\t\t\t<div class=\"elementor-background-overlay\"><\/div>\n\t\t\t\t\t\t\t<div class=\"elementor-container elementor-column-gap-default\">\n\t\t\t\t\t<div class=\"elementor-column elementor-col-100 elementor-top-column elementor-element elementor-element-1081aa2\" data-id=\"1081aa2\" data-element_type=\"column\">\n\t\t\t<div class=\"elementor-widget-wrap elementor-element-populated\">\n\t\t\t\t\t\t<div class=\"elementor-element elementor-element-c7f03a3 elementor-widget elementor-widget-gva-heading-block\" data-id=\"c7f03a3\" data-element_type=\"widget\" data-widget_type=\"gva-heading-block.default\">\n\t\t\t\t<div class=\"elementor-widget-container\">\n\t\t\t\t\t<div class=\"gva-element-gva-heading-block gva-element\">   <div class=\"align-left style-1 widget gsc-heading box-align-left auto-responsive\">\r\n      <div class=\"content-inner\">\r\n         \r\n                  \r\n           \r\n         \r\n                     <h2 class=\"title\">\r\n               <span>Contact us<\/span>\r\n            <\/h2>\r\n                              <div class=\"title-desc\">Connect with Our Team for Business Inquiries<\/div>\r\n         \r\n         \r\n      <\/div>\r\n   <\/div>\r\n<\/div>\t\t\t\t<\/div>\n\t\t\t\t<\/div>\n\t\t\t\t\t<\/div>\n\t\t<\/div>\n\t\t\t\t\t<\/div>\n\t\t<\/section>\n\t\t\t\t<section class=\"elementor-section elementor-top-section elementor-element elementor-element-15a26c0 shape-bg-top-yes elementor-section-boxed elementor-section-height-default elementor-section-height-default shape-bg-bottom-no\" data-id=\"15a26c0\" data-element_type=\"section\">\n\t\t\t\t\t\t<div class=\"elementor-container elementor-column-gap-default\">\n\t\t\t\t\t<div class=\"elementor-column elementor-col-100 elementor-top-column elementor-element elementor-element-effe76b\" data-id=\"effe76b\" data-element_type=\"column\">\n\t\t\t<div class=\"elementor-widget-wrap elementor-element-populated\">\n\t\t\t\t\t\t<section class=\"elementor-section elementor-inner-section elementor-element elementor-element-8c9e7b0 elementor-section-boxed elementor-section-height-default elementor-section-height-default shape-bg-top-no shape-bg-bottom-no\" data-id=\"8c9e7b0\" data-element_type=\"section\">\n\t\t\t\t\t\t<div class=\"elementor-container elementor-column-gap-default\">\n\t\t\t\t\t<div class=\"elementor-column elementor-col-100 elementor-inner-column elementor-element elementor-element-05ca4b0\" data-id=\"05ca4b0\" data-element_type=\"column\">\n\t\t\t<div class=\"elementor-widget-wrap elementor-element-populated\">\n\t\t\t\t\t\t<div class=\"elementor-element elementor-element-b15f190 elementor-widget__width-auto elementor-widget elementor-widget-gva-heading-block\" data-id=\"b15f190\" data-element_type=\"widget\" data-widget_type=\"gva-heading-block.default\">\n\t\t\t\t<div class=\"elementor-widget-container\">\n\t\t\t\t\t<div class=\"gva-element-gva-heading-block gva-element\">   <div class=\"align-left style-1 widget gsc-heading box-align-left auto-responsive\">\r\n      <div class=\"content-inner\">\r\n         \r\n                  \r\n         <div class=\"sub-title\"><span class=\"heading-icon\"><img decoding=\"async\" src=\"https:\/\/pastino.com.tr\/en\/wp-content\/plugins\/orgarium-themer\/elementor\/assets\/images\/icon-heading.png\" alt=\"\" \/><\/span><span class=\"tagline\">Get In Touch<\/span><\/div>  \r\n         \r\n                     <h2 class=\"title\">\r\n               <span>We\u2019re Ready to Help You! Need Any Foods or Consultations ?<\/span>\r\n            <\/h2>\r\n                  \r\n         \r\n      <\/div>\r\n   <\/div>\r\n<\/div>\t\t\t\t<\/div>\n\t\t\t\t<\/div>\n\t\t\t\t<div class=\"elementor-element elementor-element-6b0323e elementor-widget elementor-widget-gva_icon_box_group\" data-id=\"6b0323e\" data-element_type=\"widget\" data-widget_type=\"gva_icon_box_group.default\">\n\t\t\t\t<div class=\"elementor-widget-container\">\n\t\t\t\t\t<div class=\"gva-element-gva_icon_box_group gva-element\">\r\n<div class=\"gsc-icon-box-group layout-carousel swiper-slider-wrapper style-6 \">\r\n   <div class=\"swiper-content-inner\">\r\n      <div class=\"init-carousel-swiper swiper\" data-carousel=\"{&quot;items&quot;:3,&quot;items_lg&quot;:3,&quot;items_md&quot;:3,&quot;items_sm&quot;:2,&quot;items_xs&quot;:2,&quot;items_xx&quot;:2,&quot;effect&quot;:&quot;slide&quot;,&quot;space_between&quot;:30,&quot;loop&quot;:0,&quot;speed&quot;:600,&quot;autoplay&quot;:0,&quot;autoplay_delay&quot;:4500,&quot;autoplay_hover&quot;:0,&quot;navigation&quot;:0,&quot;pagination&quot;:0,&quot;dynamic_bullets&quot;:0,&quot;pagination_type&quot;:&quot;bullets&quot;}\">\r\n         <div class=\"swiper-wrapper\">\r\n            <div class=\"swiper-slide\">\r\n<div class=\"icon-box-item elementor-repeater-item-dec0088\">\r\n\t<div class=\"icon-box-content\">\r\n\r\n\t\t\t\t\t\r\n\t\t\t<div class=\"box-icon\"><i aria-hidden=\"true\" class=\" flaticon-location\"><\/i><\/div>\r\n\t\t\t<div class=\"content-inner\">\r\n\t\t\t\t<h3 class=\"title\">Locations<\/h3><div class=\"desc\">\u0130stanbul, T\u00fcrkiye<\/div>\t\t\t<\/div>\r\n\t\t\t\r\n\t\t\t<span class=\"icon-overlay\"><i aria-hidden=\"true\" class=\" flaticon-location\"><\/i><\/span>\r\n\t\t\r\n\t<\/div>  \t\r\n\t<\/div><\/div><div class=\"swiper-slide\">\r\n<div class=\"icon-box-item elementor-repeater-item-18bb594\">\r\n\t<div class=\"icon-box-content\">\r\n\r\n\t\t\t\t\t\r\n\t\t\t<div class=\"box-icon\"><i aria-hidden=\"true\" class=\" flaticon-email-2\"><\/i><\/div>\r\n\t\t\t<div class=\"content-inner\">\r\n\t\t\t\t<h3 class=\"title\">Email Address<\/h3><div class=\"desc\">info@pastino.com.tr<\/div>\t\t\t<\/div>\r\n\t\t\t\r\n\t\t\t<span class=\"icon-overlay\"><i aria-hidden=\"true\" class=\" flaticon-email-2\"><\/i><\/span>\r\n\t\t\r\n\t<\/div>  \t\r\n\t<\/div><\/div><div class=\"swiper-slide\">\r\n<div class=\"icon-box-item elementor-repeater-item-b88b08f\">\r\n\t<div class=\"icon-box-content\">\r\n\r\n\t\t\t\t\t\r\n\t\t\t<div class=\"box-icon\"><i aria-hidden=\"true\" class=\" flaticon2-phone-call\"><\/i><\/div>\r\n\t\t\t<div class=\"content-inner\">\r\n\t\t\t\t<h3 class=\"title\">Phone Number<\/h3><div class=\"desc\">+90 212 258 2323<\/div>\t\t\t<\/div>\r\n\t\t\t\r\n\t\t\t<span class=\"icon-overlay\"><i aria-hidden=\"true\" class=\" flaticon2-phone-call\"><\/i><\/span>\r\n\t\t\r\n\t<\/div>  \t\r\n\t<\/div><\/div>         <\/div>\r\n      <\/div>\r\n   <\/div>   \r\n   <div class=\"swiper-pagination\"><\/div>   <\/div>\r\n<\/div>\t\t\t\t<\/div>\n\t\t\t\t<\/div>\n\t\t\t\t\t<\/div>\n\t\t<\/div>\n\t\t\t\t\t<\/div>\n\t\t<\/section>\n\t\t\t\t<div class=\"elementor-element elementor-element-a01b95e elementor-widget__width-auto image-contact elementor-absolute elementor-hidden-mobile elementor-widget elementor-widget-image\" data-id=\"a01b95e\" data-element_type=\"widget\" data-settings=\"{&quot;_position&quot;:&quot;absolute&quot;}\" data-widget_type=\"image.default\">\n\t\t\t\t\t\t\t\t\t\t\t\t\t\t\t<img fetchpriority=\"high\" decoding=\"async\" width=\"525\" height=\"665\" src=\"https:\/\/pastino.com.tr\/en\/wp-content\/uploads\/2025\/11\/pastino.jpg\" class=\"attachment-full size-full wp-image-1816\" alt=\"\" \/>\t\t\t\t\t\t\t\t\t\t\t\t\t\t\t<\/div>\n\t\t\t\t\t<\/div>\n\t\t<\/div>\n\t\t\t\t\t<\/div>\n\t\t<\/section>\n\t\t\t\t<section class=\"elementor-section elementor-top-section elementor-element elementor-element-58d10fa elementor-section-full_width elementor-section-height-default elementor-section-height-default shape-bg-top-no shape-bg-bottom-no\" data-id=\"58d10fa\" data-element_type=\"section\">\n\t\t\t\t\t\t<div class=\"elementor-container elementor-column-gap-default\">\n\t\t\t\t\t<div class=\"elementor-column elementor-col-100 elementor-top-column elementor-element elementor-element-c178133\" data-id=\"c178133\" data-element_type=\"column\">\n\t\t\t<div class=\"elementor-widget-wrap elementor-element-populated\">\n\t\t\t\t\t\t<div class=\"elementor-element elementor-element-1f01ca3 elementor-widget elementor-widget-google_maps\" data-id=\"1f01ca3\" data-element_type=\"widget\" data-widget_type=\"google_maps.default\">\n\t\t\t\t\t\t\t<div class=\"elementor-custom-embed\">\n\t\t\t<iframe loading=\"lazy\"\n\t\t\t\t\tsrc=\"https:\/\/maps.google.com\/maps?q=May%C4%B1s%2C%2019%20May%C4%B1s%2C%2019%20May%C4%B1s%20Cd.%20No%3A37%20Kat%3A%202%2F8%2C%2034360%20%C5%9Ei%C5%9Fli%2F%C4%B0stanbul%2C%20T%C3%BCrkiye&#038;t=m&#038;z=13&#038;output=embed&#038;iwloc=near\"\n\t\t\t\t\ttitle=\"May\u0131s, 19 May\u0131s, 19 May\u0131s Cd. No:37 Kat: 2\/8, 34360 \u015ei\u015fli\/\u0130stanbul, T\u00fcrkiye\"\n\t\t\t\t\taria-label=\"May\u0131s, 19 May\u0131s, 19 May\u0131s Cd. No:37 Kat: 2\/8, 34360 \u015ei\u015fli\/\u0130stanbul, T\u00fcrkiye\"\n\t\t\t><\/iframe>\n\t\t<\/div>\n\t\t\t\t\t\t<\/div>\n\t\t\t\t\t<\/div>\n\t\t<\/div>\n\t\t\t\t\t<\/div>\n\t\t<\/section>\n\t\t\t\t<section class=\"elementor-section elementor-top-section elementor-element elementor-element-4c28251 elementor-section-boxed elementor-section-height-default elementor-section-height-default shape-bg-top-no shape-bg-bottom-no\" data-id=\"4c28251\" data-element_type=\"section\">\n\t\t\t\t\t\t<div class=\"elementor-container elementor-column-gap-default\">\n\t\t\t\t\t<div class=\"elementor-column elementor-col-50 elementor-top-column elementor-element elementor-element-3723b0c\" data-id=\"3723b0c\" data-element_type=\"column\">\n\t\t\t<div class=\"elementor-widget-wrap\">\n\t\t\t\t\t\t\t<\/div>\n\t\t<\/div>\n\t\t\t\t<div class=\"elementor-column elementor-col-50 elementor-top-column elementor-element elementor-element-99ff15c\" data-id=\"99ff15c\" data-element_type=\"column\" data-settings=\"{&quot;background_background&quot;:&quot;classic&quot;}\">\n\t\t\t<div class=\"elementor-widget-wrap elementor-element-populated\">\n\t\t\t\t\t\t<div class=\"elementor-element elementor-element-3343e09 elementor-widget elementor-widget-gva-heading-block\" data-id=\"3343e09\" data-element_type=\"widget\" data-widget_type=\"gva-heading-block.default\">\n\t\t\t\t<div class=\"elementor-widget-container\">\n\t\t\t\t\t<div class=\"gva-element-gva-heading-block gva-element\">   <div class=\"align-left style-1 widget gsc-heading box-align-left auto-responsive\">\r\n      <div class=\"content-inner\">\r\n         \r\n                  \r\n         <div class=\"sub-title\"><span class=\"heading-icon\"><img decoding=\"async\" src=\"https:\/\/pastino.com.tr\/en\/wp-content\/plugins\/orgarium-themer\/elementor\/assets\/images\/icon-heading.png\" alt=\"\" \/><\/span><span class=\"tagline\">Get In Touch<\/span><\/div>  \r\n         \r\n                     <h2 class=\"title\">\r\n               <span>Send Us Message!<\/span>\r\n            <\/h2>\r\n                  \r\n         \r\n      <\/div>\r\n   <\/div>\r\n<\/div>\t\t\t\t<\/div>\n\t\t\t\t<\/div>\n\t\t\t\t<div class=\"elementor-element elementor-element-97040fa elementor-widget elementor-widget-shortcode\" data-id=\"97040fa\" data-element_type=\"widget\" data-widget_type=\"shortcode.default\">\n\t\t\t\t\t\t\t<div class=\"elementor-shortcode\">\n<div class=\"wpcf7 no-js\" id=\"wpcf7-f1486-o1\" lang=\"en-US\" dir=\"ltr\" data-wpcf7-id=\"1486\">\n<div class=\"screen-reader-response\"><p role=\"status\" aria-live=\"polite\" aria-atomic=\"true\"><\/p> <ul><\/ul><\/div>\n<form action=\"\/en\/wp-json\/wp\/v2\/pages\/1468#wpcf7-f1486-o1\" method=\"post\" class=\"wpcf7-form init\" aria-label=\"Contact form\" novalidate=\"novalidate\" data-status=\"init\">\n<fieldset class=\"hidden-fields-container\"><input type=\"hidden\" name=\"_wpcf7\" value=\"1486\" \/><input type=\"hidden\" name=\"_wpcf7_version\" value=\"6.1.4\" \/><input type=\"hidden\" name=\"_wpcf7_locale\" value=\"en_US\" \/><input type=\"hidden\" name=\"_wpcf7_unit_tag\" value=\"wpcf7-f1486-o1\" \/><input type=\"hidden\" name=\"_wpcf7_container_post\" value=\"0\" \/><input type=\"hidden\" name=\"_wpcf7_posted_data_hash\" value=\"\" \/>\n<\/fieldset>\n<div class=\"row\">\n\t<div class=\"col-sm-6 col-xs-12\">\n\t\t<p><span class=\"wpcf7-form-control-wrap\" data-name=\"your-name\"><input size=\"40\" maxlength=\"400\" class=\"wpcf7-form-control wpcf7-text wpcf7-validates-as-required\" aria-required=\"true\" aria-invalid=\"false\" placeholder=\"Your Name\" value=\"\" type=\"text\" name=\"your-name\" \/><\/span>\n\t\t<\/p>\n\t<\/div>\n\t<div class=\"col-sm-6 col-xs-12\">\n\t\t<p><span class=\"wpcf7-form-control-wrap\" data-name=\"your-phone\"><input size=\"40\" maxlength=\"400\" class=\"wpcf7-form-control wpcf7-text wpcf7-validates-as-required\" aria-required=\"true\" aria-invalid=\"false\" placeholder=\"Phone Number\" value=\"\" type=\"text\" name=\"your-phone\" \/><\/span>\n\t\t<\/p>\n\t<\/div>\n<\/div>\n<div class=\"row\">\n\t<div class=\"col-sm-6 col-xs-12\">\n\t\t<p><span class=\"wpcf7-form-control-wrap\" data-name=\"your-email\"><input size=\"40\" maxlength=\"400\" class=\"wpcf7-form-control wpcf7-email wpcf7-validates-as-required wpcf7-text wpcf7-validates-as-email\" aria-required=\"true\" aria-invalid=\"false\" placeholder=\"Email Address\" value=\"\" type=\"email\" name=\"your-email\" \/><\/span>\n\t\t<\/p>\n\t<\/div>\n\t<div class=\"col-sm-6 col-xs-12\">\n\t\t<p><span class=\"wpcf7-form-control-wrap\" data-name=\"your-subject\"><input size=\"40\" maxlength=\"400\" class=\"wpcf7-form-control wpcf7-text\" aria-invalid=\"false\" placeholder=\"Subject\" value=\"\" type=\"text\" name=\"your-subject\" \/><\/span>\n\t\t<\/p>\n\t<\/div>\n<\/div>\n<div class=\"row\">\n\t<div class=\"col-sm-12 col-xs-12\">\n\t\t<p><span class=\"wpcf7-form-control-wrap\" data-name=\"your-message\"><textarea cols=\"40\" rows=\"10\" maxlength=\"2000\" class=\"wpcf7-form-control wpcf7-textarea\" aria-invalid=\"false\" placeholder=\"Write a Message\" name=\"your-message\"><\/textarea><\/span>\n\t\t<\/p>\n\t<\/div>\n\t<div class=\"col-sm-12 col-xs-12 action text-left\">\n\t\t<p><span class=\"form-action\"><input class=\"wpcf7-form-control wpcf7-submit has-spinner\" type=\"submit\" value=\"Send a Message\" \/><\/span>\n\t\t<\/p>\n\t<\/div>\n<\/div><div class=\"wpcf7-response-output\" aria-hidden=\"true\"><\/div>\n<\/form>\n<\/div>\n<\/div>\n\t\t\t\t\t\t<\/div>\n\t\t\t\t\t<\/div>\n\t\t<\/div>\n\t\t\t\t\t<\/div>\n\t\t<\/section>\n\t\t\t\t<\/div>\n\t\t","protected":false},"excerpt":{"rendered":"<p>Contact us Connect with Our Team for Business Inquiries Get In Touch We\u2019re Ready to Help You! Need Any Foods or Consultations ? Locations \u0130stanbul, T\u00fcrkiye Email Address info@pastino.com.tr Phone Number +90 212 258 2323 Get In Touch Send Us Message!<\/p>\n","protected":false},"author":1,"featured_media":0,"parent":0,"menu_order":0,"comment_status":"closed","ping_status":"closed","template":"","meta":{"footnotes":""},"class_list":["post-1468","page","type-page","status-publish","hentry"],"yoast_head":"<!-- This site is optimized with the Yoast SEO plugin v26.4 - https:\/\/yoast.com\/wordpress\/plugins\/seo\/ -->\n<title>Contact - Pastino<\/title>\n<meta name=\"robots\" content=\"index, follow, max-snippet:-1, max-image-preview:large, max-video-preview:-1\" \/>\n<link rel=\"canonical\" href=\"https:\/\/pastino.com.tr\/en\/contact\/\" \/>\n<meta property=\"og:locale\" content=\"en_US\" \/>\n<meta property=\"og:type\" content=\"article\" \/>\n<meta property=\"og:title\" content=\"Contact - Pastino\" \/>\n<meta property=\"og:description\" content=\"Contact us Connect with Our Team for Business Inquiries Get In Touch We\u2019re Ready to Help You! Need Any Foods or Consultations ? Locations \u0130stanbul, T\u00fcrkiye Email Address info@pastino.com.tr Phone Number +90 212 258 2323 Get In Touch Send Us Message!\" \/>\n<meta property=\"og:url\" content=\"https:\/\/pastino.com.tr\/en\/contact\/\" \/>\n<meta property=\"og:site_name\" content=\"Pastino\" \/>\n<meta property=\"article:modified_time\" content=\"2025-11-24T08:05:24+00:00\" \/>\n<meta property=\"og:image\" content=\"https:\/\/pastino.com.tr\/en\/wp-content\/plugins\/orgarium-themer\/elementor\/assets\/images\/icon-heading.png\" \/>\n<meta name=\"twitter:card\" content=\"summary_large_image\" \/>\n<meta name=\"twitter:label1\" content=\"Est. reading time\" \/>\n\t<meta name=\"twitter:data1\" content=\"1 minute\" \/>\n<script type=\"application\/ld+json\" class=\"yoast-schema-graph\">{\"@context\":\"https:\/\/schema.org\",\"@graph\":[{\"@type\":\"WebPage\",\"@id\":\"https:\/\/pastino.com.tr\/en\/contact\/\",\"url\":\"https:\/\/pastino.com.tr\/en\/contact\/\",\"name\":\"Contact - Pastino\",\"isPartOf\":{\"@id\":\"https:\/\/pastino.com.tr\/en\/#website\"},\"primaryImageOfPage\":{\"@id\":\"https:\/\/pastino.com.tr\/en\/contact\/#primaryimage\"},\"image\":{\"@id\":\"https:\/\/pastino.com.tr\/en\/contact\/#primaryimage\"},\"thumbnailUrl\":\"https:\/\/pastino.com.tr\/en\/wp-content\/plugins\/orgarium-themer\/elementor\/assets\/images\/icon-heading.png\",\"datePublished\":\"2020-12-08T03:53:35+00:00\",\"dateModified\":\"2025-11-24T08:05:24+00:00\",\"breadcrumb\":{\"@id\":\"https:\/\/pastino.com.tr\/en\/contact\/#breadcrumb\"},\"inLanguage\":\"en-US\",\"potentialAction\":[{\"@type\":\"ReadAction\",\"target\":[\"https:\/\/pastino.com.tr\/en\/contact\/\"]}]},{\"@type\":\"ImageObject\",\"inLanguage\":\"en-US\",\"@id\":\"https:\/\/pastino.com.tr\/en\/contact\/#primaryimage\",\"url\":\"https:\/\/pastino.com.tr\/en\/wp-content\/plugins\/orgarium-themer\/elementor\/assets\/images\/icon-heading.png\",\"contentUrl\":\"https:\/\/pastino.com.tr\/en\/wp-content\/plugins\/orgarium-themer\/elementor\/assets\/images\/icon-heading.png\"},{\"@type\":\"BreadcrumbList\",\"@id\":\"https:\/\/pastino.com.tr\/en\/contact\/#breadcrumb\",\"itemListElement\":[{\"@type\":\"ListItem\",\"position\":1,\"name\":\"Home\",\"item\":\"https:\/\/pastino.com.tr\/en\/\"},{\"@type\":\"ListItem\",\"position\":2,\"name\":\"Contact\"}]},{\"@type\":\"WebSite\",\"@id\":\"https:\/\/pastino.com.tr\/en\/#website\",\"url\":\"https:\/\/pastino.com.tr\/en\/\",\"name\":\"Pastino\",\"description\":\"\",\"publisher\":{\"@id\":\"https:\/\/pastino.com.tr\/en\/#organization\"},\"potentialAction\":[{\"@type\":\"SearchAction\",\"target\":{\"@type\":\"EntryPoint\",\"urlTemplate\":\"https:\/\/pastino.com.tr\/en\/?s={search_term_string}\"},\"query-input\":{\"@type\":\"PropertyValueSpecification\",\"valueRequired\":true,\"valueName\":\"search_term_string\"}}],\"inLanguage\":\"en-US\"},{\"@type\":\"Organization\",\"@id\":\"https:\/\/pastino.com.tr\/en\/#organization\",\"name\":\"Pastino\",\"url\":\"https:\/\/pastino.com.tr\/en\/\",\"logo\":{\"@type\":\"ImageObject\",\"inLanguage\":\"en-US\",\"@id\":\"https:\/\/pastino.com.tr\/en\/#\/schema\/logo\/image\/\",\"url\":\"https:\/\/pastino.com.tr\/en\/wp-content\/uploads\/2025\/08\/logo.jpg\",\"contentUrl\":\"https:\/\/pastino.com.tr\/en\/wp-content\/uploads\/2025\/08\/logo.jpg\",\"width\":300,\"height\":109,\"caption\":\"Pastino\"},\"image\":{\"@id\":\"https:\/\/pastino.com.tr\/en\/#\/schema\/logo\/image\/\"}}]}<\/script>\n<!-- \/ Yoast SEO plugin. -->","yoast_head_json":{"title":"Contact - Pastino","robots":{"index":"index","follow":"follow","max-snippet":"max-snippet:-1","max-image-preview":"max-image-preview:large","max-video-preview":"max-video-preview:-1"},"canonical":"https:\/\/pastino.com.tr\/en\/contact\/","og_locale":"en_US","og_type":"article","og_title":"Contact - Pastino","og_description":"Contact us Connect with Our Team for Business Inquiries Get In Touch We\u2019re Ready to Help You! Need Any Foods or Consultations ? Locations \u0130stanbul, T\u00fcrkiye Email Address info@pastino.com.tr Phone Number +90 212 258 2323 Get In Touch Send Us Message!","og_url":"https:\/\/pastino.com.tr\/en\/contact\/","og_site_name":"Pastino","article_modified_time":"2025-11-24T08:05:24+00:00","og_image":[{"url":"https:\/\/pastino.com.tr\/en\/wp-content\/plugins\/orgarium-themer\/elementor\/assets\/images\/icon-heading.png","type":"","width":"","height":""}],"twitter_card":"summary_large_image","twitter_misc":{"Est. reading time":"1 minute"},"schema":{"@context":"https:\/\/schema.org","@graph":[{"@type":"WebPage","@id":"https:\/\/pastino.com.tr\/en\/contact\/","url":"https:\/\/pastino.com.tr\/en\/contact\/","name":"Contact - Pastino","isPartOf":{"@id":"https:\/\/pastino.com.tr\/en\/#website"},"primaryImageOfPage":{"@id":"https:\/\/pastino.com.tr\/en\/contact\/#primaryimage"},"image":{"@id":"https:\/\/pastino.com.tr\/en\/contact\/#primaryimage"},"thumbnailUrl":"https:\/\/pastino.com.tr\/en\/wp-content\/plugins\/orgarium-themer\/elementor\/assets\/images\/icon-heading.png","datePublished":"2020-12-08T03:53:35+00:00","dateModified":"2025-11-24T08:05:24+00:00","breadcrumb":{"@id":"https:\/\/pastino.com.tr\/en\/contact\/#breadcrumb"},"inLanguage":"en-US","potentialAction":[{"@type":"ReadAction","target":["https:\/\/pastino.com.tr\/en\/contact\/"]}]},{"@type":"ImageObject","inLanguage":"en-US","@id":"https:\/\/pastino.com.tr\/en\/contact\/#primaryimage","url":"https:\/\/pastino.com.tr\/en\/wp-content\/plugins\/orgarium-themer\/elementor\/assets\/images\/icon-heading.png","contentUrl":"https:\/\/pastino.com.tr\/en\/wp-content\/plugins\/orgarium-themer\/elementor\/assets\/images\/icon-heading.png"},{"@type":"BreadcrumbList","@id":"https:\/\/pastino.com.tr\/en\/contact\/#breadcrumb","itemListElement":[{"@type":"ListItem","position":1,"name":"Home","item":"https:\/\/pastino.com.tr\/en\/"},{"@type":"ListItem","position":2,"name":"Contact"}]},{"@type":"WebSite","@id":"https:\/\/pastino.com.tr\/en\/#website","url":"https:\/\/pastino.com.tr\/en\/","name":"Pastino","description":"","publisher":{"@id":"https:\/\/pastino.com.tr\/en\/#organization"},"potentialAction":[{"@type":"SearchAction","target":{"@type":"EntryPoint","urlTemplate":"https:\/\/pastino.com.tr\/en\/?s={search_term_string}"},"query-input":{"@type":"PropertyValueSpecification","valueRequired":true,"valueName":"search_term_string"}}],"inLanguage":"en-US"},{"@type":"Organization","@id":"https:\/\/pastino.com.tr\/en\/#organization","name":"Pastino","url":"https:\/\/pastino.com.tr\/en\/","logo":{"@type":"ImageObject","inLanguage":"en-US","@id":"https:\/\/pastino.com.tr\/en\/#\/schema\/logo\/image\/","url":"https:\/\/pastino.com.tr\/en\/wp-content\/uploads\/2025\/08\/logo.jpg","contentUrl":"https:\/\/pastino.com.tr\/en\/wp-content\/uploads\/2025\/08\/logo.jpg","width":300,"height":109,"caption":"Pastino"},"image":{"@id":"https:\/\/pastino.com.tr\/en\/#\/schema\/logo\/image\/"}}]}},"_links":{"self":[{"href":"https:\/\/pastino.com.tr\/en\/wp-json\/wp\/v2\/pages\/1468","targetHints":{"allow":["GET"]}}],"collection":[{"href":"https:\/\/pastino.com.tr\/en\/wp-json\/wp\/v2\/pages"}],"about":[{"href":"https:\/\/pastino.com.tr\/en\/wp-json\/wp\/v2\/types\/page"}],"author":[{"embeddable":true,"href":"https:\/\/pastino.com.tr\/en\/wp-json\/wp\/v2\/users\/1"}],"replies":[{"embeddable":true,"href":"https:\/\/pastino.com.tr\/en\/wp-json\/wp\/v2\/comments?post=1468"}],"version-history":[{"count":20,"href":"https:\/\/pastino.com.tr\/en\/wp-json\/wp\/v2\/pages\/1468\/revisions"}],"predecessor-version":[{"id":1992,"href":"https:\/\/pastino.com.tr\/en\/wp-json\/wp\/v2\/pages\/1468\/revisions\/1992"}],"wp:attachment":[{"href":"https:\/\/pastino.com.tr\/en\/wp-json\/wp\/v2\/media?parent=1468"}],"curies":[{"name":"wp","href":"https:\/\/api.w.org\/{rel}","templated":true}]}}